{"id":256,"date":"2025-10-24T16:24:48","date_gmt":"2025-10-24T16:24:48","guid":{"rendered":"https:\/\/annazsuzska.hu\/termek\/festmenyceremonia-amikor-a-szerelem-szint-kap\/"},"modified":"2025-10-25T06:36:25","modified_gmt":"2025-10-25T06:36:25","slug":"festmenyceremonia-amikor-a-szerelem-szint-kap","status":"publish","type":"product","link":"https:\/\/annazsuzska.hu\/en\/product\/festmenyceremonia-amikor-a-szerelem-szint-kap\/","title":{"rendered":"Festm\u00e9nycerem\u00f3nia amikor a szerelem sz\u00ednt kap"},"content":{"rendered":"<p>Festm\u00e9ny Cerem\u00f3nia ,\u00a0az esk\u00fcv\u0151k \u00faj, var\u00e1zslatos pillanata<br \/>\nHa a hagyom\u00e1nyos homok\u00f6nt\u00e9s vagy gyertyagy\u00fajt\u00e1s helyett valami \u00fajat, k\u00fcl\u00f6nlegeset \u00e9s maradand\u00f3t szeretn\u00e9tek, ismerj\u00e9tek meg saj\u00e1t szellemi term\u00e9kemet, a Festm\u00e9ny Cerem\u00f3ni\u00e1t!Egy teljesen \u00faj, l\u00e1tv\u00e1nyos \u00e9s meghat\u00f3 esk\u00fcv\u0151i \u00e9lm\u00e9ny, ahol mind\u00f6ssze 1 perc alatt megsz\u00fcletik egy k\u00f6z\u00f6s festm\u00e9ny, amely \u00f6r\u00f6k eml\u00e9kk\u00e9nt d\u00edsz\u00edti majd az otthonotokat.<br \/>\nA cerem\u00f3nia sor\u00e1n a p\u00e1r k\u00f6z\u00f6sen k\u00e9sz\u00edti el saj\u00e1t m\u0171v\u00e9t, mik\u00f6zben a festm\u00e9ny ismert alkot\u00e1sok replik\u00e1jak\u00e9nt, de egyedi elk\u00e9pzel\u00e9seitek alapj\u00e1n sz\u00fcletik meg.Minden darab egyedi, szem\u00e9lyes, \u00e9s m\u0171v\u00e9szi \u00e9rt\u00e9ket k\u00e9pvisel , a k\u00f6z\u00f6s \u00e9let els\u0151 k\u00f6z\u00f6s alkot\u00e1sa.<br \/>\n&#xfe0f; Alap m\u00e9ret: 40\u00d750 cm Egyedi m\u00e9ret, vagy elk\u00e9pzel\u00e9s is k\u00e9rhet\u0151 ebben az eseben az \u00e1rak v\u00e1ltozhatnak.<\/p>\n<p>A term\u00e9k \u00e1ra: 35.000 Ft, amely tartalmazza a fest\u00e9ket, ecsetet, \u00e9s minden sz\u00fcks\u00e9ges eszk\u00f6zt a festm\u00e9ny elk\u00e9sz\u00edt\u00e9s\u00e9hez.<\/p>\n<p>Ez az \u00e9lm\u00e9ny nemcsak l\u00e1tv\u00e1nyos a vend\u00e9gek sz\u00e1m\u00e1ra, hanem egy olyan eml\u00e9k, ami \u00f6r\u00f6kre megmarad a falon, \u00e9s minden nap eml\u00e9keztet benneteket az \u201cigen&#8221; pillanat\u00e1ra.<br \/>\n&#x2728; 1 perc alatt elk\u00e9sz\u00fcl. Egy \u00e9letre megmarad.<\/p>","protected":false},"excerpt":{"rendered":"<p>Az esk\u00fcv\u0151 egyik legk\u00fcl\u00f6nlegesebb pillanata lesz a festm\u00e9nycerem\u00f3nia, ahol a k\u00e9t \u00e9let ,\u00e9s k\u00e9t sz\u00edn ,egyes\u00fcl egy v\u00e1sznon.A festm\u00e9ny szimboliz\u00e1lja azt, ahogyan Ti ketten k\u00fcl\u00f6n-k\u00fcl\u00f6n is gy\u00f6ny\u00f6r\u0171ek vagytok, de egy\u00fctt valami igaz\u00e1n egyedit alkottok. Minden ecsetvon\u00e1s egy k\u00f6z\u00f6s eml\u00e9ket, minden \u00e1rnyalat egy j\u00f6v\u0151beli \u00e1lmot id\u00e9z majd fel.Ez a m\u0171 a nap v\u00e9g\u00e9n nem csup\u00e1n egy alkot\u00e1s lesz, hanem a szerelmetek k\u00e9zzel foghat\u00f3 lenyomata.<\/p>","protected":false},"featured_media":255,"comment_status":"closed","ping_status":"closed","template":"","meta":[],"product_brand":[],"product_cat":[26],"product_tag":[27],"class_list":{"0":"post-256","1":"product","2":"type-product","3":"status-publish","4":"has-post-thumbnail","6":"product_cat-festmenyceremonia","7":"product_tag-festmenyceremonia","8":"pa_kepek-alkony-a-viz-folott","9":"pa_kepek-derengo-harmonia","10":"pa_kepek-gondola-a-napfenyben","11":"pa_kepek-szabadsag-es-szerelem","12":"pa_kepek-szerelem-az-eiffel-arnyekaban","13":"pa_kepek-vegtelen-szerelem","14":"pa_kepek-voros-levelek-tanca","16":"first","17":"instock","18":"purchasable","19":"product-type-variable"},"_links":{"self":[{"href":"https:\/\/annazsuzska.hu\/en\/wp-json\/wp\/v2\/product\/256","targetHints":{"allow":["GET"]}}],"collection":[{"href":"https:\/\/annazsuzska.hu\/en\/wp-json\/wp\/v2\/product"}],"about":[{"href":"https:\/\/annazsuzska.hu\/en\/wp-json\/wp\/v2\/types\/product"}],"replies":[{"embeddable":true,"href":"https:\/\/annazsuzska.hu\/en\/wp-json\/wp\/v2\/comments?post=256"}],"wp:featuredmedia":[{"embeddable":true,"href":"https:\/\/annazsuzska.hu\/en\/wp-json\/wp\/v2\/media\/255"}],"wp:attachment":[{"href":"https:\/\/annazsuzska.hu\/en\/wp-json\/wp\/v2\/media?parent=256"}],"wp:term":[{"taxonomy":"product_brand","embeddable":true,"href":"https:\/\/annazsuzska.hu\/en\/wp-json\/wp\/v2\/product_brand?post=256"},{"taxonomy":"product_cat","embeddable":true,"href":"https:\/\/annazsuzska.hu\/en\/wp-json\/wp\/v2\/product_cat?post=256"},{"taxonomy":"product_tag","embeddable":true,"href":"https:\/\/annazsuzska.hu\/en\/wp-json\/wp\/v2\/product_tag?post=256"}],"curies":[{"name":"wp","href":"https:\/\/api.w.org\/{rel}","templated":true}]}}