{"id":19,"date":"2025-02-19T13:31:45","date_gmt":"2025-02-19T13:31:45","guid":{"rendered":"https:\/\/annazsuzska.hu\/?page_id=19"},"modified":"2025-05-16T16:41:16","modified_gmt":"2025-05-16T16:41:16","slug":"rolam-annazsuzska","status":"publish","type":"page","link":"https:\/\/annazsuzska.hu\/en\/","title":{"rendered":"Annazsuzska"},"content":{"rendered":"<p><strong>\u00dcdv\u00f6zl\u00f6m Annazsuzska vil\u00e1g\u00e1ban!<\/strong><\/p>\n\n\n\n<p>A nevem F.P. Zsuzsanna Anna fest\u0151 \u00e9s restaur\u00e1tor asszisztens.M\u0171v\u00e9szk\u00e9nt az alkot\u00e1s sz\u00e1momra nem csup\u00e1n egy tev\u00e9kenys\u00e9g, hanem egy \u00e9letforma. Magyarorsz\u00e1gon \u00e9lek, ahol m\u00e9lyen k\u00f6t\u0151d\u00f6m haz\u00e1m kult\u00far\u00e1hoz \u00e9s a m\u0171v\u00e9szethez. Tanulm\u00e1nyaimat a m\u0171v\u00e9szi akad\u00e9mi\u00e1n v\u00e9geztem, de a fest\u00e9szet v\u00e9gigk\u00eds\u00e9rte az \u00e9letem, b\u00e1rmilyen m\u00e1s ter\u00fcleten is pr\u00f3b\u00e1ltam ki magam.<\/p>\n\n\n\n<p>A fest\u00e9s sz\u00e1momra mened\u00e9k, egy olyan vil\u00e1g, ahol a sz\u00ednek \u00e9s form\u00e1k seg\u00edts\u00e9g\u00e9vel kifejezhetem \u00e9rz\u00e9seimet, gondolataimat. Szeretem az \u00faj kih\u00edv\u00e1sokat, \u00e9s nyitott vagyok a k\u00fcl\u00f6nb\u00f6z\u0151 m\u0171v\u00e9szeti technik\u00e1k felfedez\u00e9s\u00e9re.<br>M\u0171v\u00e9szi l\u00e1t\u00e1sm\u00f3dom \u00e9s inspir\u00e1ci\u00f3im<\/p>\n\n\n\n<p>Szenved\u00e9lyesen fedezem fel a vil\u00e1g soksz\u00edn\u0171s\u00e9g\u00e9t, amelyet utaz\u00e1saim sor\u00e1n is be\u00e9p\u00edtek m\u0171v\u00e9szetembe. Londonban, P\u00e1rizsban R\u00f3ma \u00e9s m\u00e1s eur\u00f3pai nagyv\u00e1rosokban szerzett tapasztalataim m\u00e9lyen befoly\u00e1solj\u00e1k festm\u00e9nyeimet. M\u00e1sodik otthonomk\u00e9nt tekintek az Egyes\u00fclt Arab Em\u00edrs\u00e9gekre is, ahol a kult\u00far\u00e1k tal\u00e1lkoz\u00e1sa \u00e9s a modern \u00e9p\u00edt\u00e9szet inspir\u00e1lja alkot\u00e1saimat.<br>Replik\u00e1k \u00e9s restaur\u00e1l\u00e1s<\/p>\n\n\n\n<p>A fest\u00e9szet mellett a replik\u00e1k k\u00e9sz\u00edt\u00e9se \u00e9s a restaur\u00e1l\u00e1s is fontos r\u00e9sze az \u00e9letemnek. Egy r\u00e9gi mesterm\u0171 m\u00e1solat\u00e1nak elk\u00e9sz\u00edt\u00e9se sor\u00e1n belehelyezkedem az alkot\u00f3 gondolatvil\u00e1g\u00e1ba, \u00e9s pr\u00f3b\u00e1lom \u00fajra\u00e9rtelmezni az \u0151 \u00fczenet\u00e9t. Hiszem, hogy minden t\u00e1rgy \u00e9s festm\u00e9ny hordoz egy t\u00f6rt\u00e9netet, amelyet \u00e9rdemes tov\u00e1bbadni.<br>\u00c9letfiloz\u00f3fi\u00e1m<\/p>\n\n\n\n<p>A m\u0171v\u00e9szetemhez \u00e9s az \u00e9letemhez is k\u00f6zel \u00e1ll a kintsugi filoz\u00f3fia, amely szerint a t\u00f6k\u00e9letlens\u00e9gben is ott rejlik a sz\u00e9ps\u00e9g. A s\u00e9r\u00fclt dolgok nem elvesz\u00edtik \u00e9rt\u00e9k\u00fcket, hanem egyedi karaktert kapnak ezt az elvet a m\u0171v\u00e9szetemben is megjelen\u00edtem.Sz\u00e1momra ez egy m\u00e9ly m\u0171v\u00e9szi utaz\u00e1s, amely sor\u00e1n a r\u00e9gi mesterek technik\u00e1it \u00e9s \u00e9rzelmeit is \u00fajra\u00e9lhetem.<br>Ki\u00e1ll\u00edt\u00e1sok<\/p>\n\n\n\n<p>Festm\u00e9nyeim  egy\u00e9ni \u00e9s csoportos ki\u00e1ll\u00edt\u00e1son is bemutat\u00e1sra ker\u00fcltek.<br><\/p>\n\n\n\n<p>A fest\u00e9szet sz\u00e1momra egy univerz\u00e1lis nyelv, amely k\u00e9pes \u00e9rzelmeket, gondolatokat k\u00f6zvet\u00edteni. Munk\u00e1immal szeretn\u00e9m m\u00e1sok sz\u00e1m\u00e1ra is el\u00e9rhet\u0151v\u00e9 tenni ezt az \u00e9lm\u00e9nyt, \u00e9s inspir\u00e1ci\u00f3t adni a m\u0171v\u00e9szet sz\u00e9ps\u00e9g\u00e9n kereszt\u00fcl.<\/p>\n\n\n\n<p>Szeretn\u00e9m, ha festm\u00e9nyeimen kereszt\u00fcl m\u00e1sok is \u00e1t\u00e9lhetn\u00e9k azt az \u00e9rzelmi m\u00e9lys\u00e9get \u00e9s inspir\u00e1ci\u00f3t, amit az alkot\u00e1s jelent sz\u00e1momra. Hiszem, hogy a m\u0171v\u00e9szet \u00f6sszek\u00f6ti az embereket \u00e9s egy egyetemes nyelvet alkot, amely szavak n\u00e9lk\u00fcl is mes\u00e9l.<\/p>\n\n\n\n<p>Tekintse meg <a href=\"https:\/\/annazsuzska.hu\/en\/galeria-vaszon-es-allvany\/\" data-type=\"page\" data-id=\"147\">gal\u00e9ri\u00e1mat<\/a>, \u00e9s k\u00f6vessen a k\u00f6z\u00f6ss\u00e9gi m\u00e9dia platformjaimon!<\/p>\n\n\n\n<p><strong>Weboldal: <a href=\"http:\/\/annazsuzska.hu\/en\/\">annazsuzska.hu<\/a><\/strong><\/p>\n\n\n\n<p><\/p>","protected":false},"excerpt":{"rendered":"<p>\u00dcdv\u00f6zl\u00f6m Annazsuzska vil\u00e1g\u00e1ban! A nevem F.P. Zsuzsanna Anna fest\u0151 \u00e9s restaur\u00e1tor asszisztens.M\u0171v\u00e9szk\u00e9nt az alkot\u00e1s sz\u00e1momra nem csup\u00e1n egy tev\u00e9kenys\u00e9g, hanem egy \u00e9letforma. Magyarorsz\u00e1gon \u00e9lek, ahol m\u00e9lyen k\u00f6t\u0151d\u00f6m haz\u00e1m kult\u00far\u00e1hoz \u00e9s a m\u0171v\u00e9szethez. Tanulm\u00e1nyaimat a m\u0171v\u00e9szi akad\u00e9mi\u00e1n v\u00e9geztem, de a fest\u00e9szet v\u00e9gigk\u00eds\u00e9rte az \u00e9letem, b\u00e1rmilyen m\u00e1s ter\u00fcleten is pr\u00f3b\u00e1ltam ki magam. A fest\u00e9s sz\u00e1momra mened\u00e9k, egy [&hellip;]<\/p>\n","protected":false},"author":1,"featured_media":44,"parent":0,"menu_order":0,"comment_status":"closed","ping_status":"closed","template":"","meta":{"footnotes":""},"class_list":["post-19","page","type-page","status-publish","has-post-thumbnail","hentry"],"blocksy_meta":[],"_links":{"self":[{"href":"https:\/\/annazsuzska.hu\/en\/wp-json\/wp\/v2\/pages\/19","targetHints":{"allow":["GET"]}}],"collection":[{"href":"https:\/\/annazsuzska.hu\/en\/wp-json\/wp\/v2\/pages"}],"about":[{"href":"https:\/\/annazsuzska.hu\/en\/wp-json\/wp\/v2\/types\/page"}],"author":[{"embeddable":true,"href":"https:\/\/annazsuzska.hu\/en\/wp-json\/wp\/v2\/users\/1"}],"replies":[{"embeddable":true,"href":"https:\/\/annazsuzska.hu\/en\/wp-json\/wp\/v2\/comments?post=19"}],"version-history":[{"count":6,"href":"https:\/\/annazsuzska.hu\/en\/wp-json\/wp\/v2\/pages\/19\/revisions"}],"predecessor-version":[{"id":231,"href":"https:\/\/annazsuzska.hu\/en\/wp-json\/wp\/v2\/pages\/19\/revisions\/231"}],"wp:featuredmedia":[{"embeddable":true,"href":"https:\/\/annazsuzska.hu\/en\/wp-json\/wp\/v2\/media\/44"}],"wp:attachment":[{"href":"https:\/\/annazsuzska.hu\/en\/wp-json\/wp\/v2\/media?parent=19"}],"curies":[{"name":"wp","href":"https:\/\/api.w.org\/{rel}","templated":true}]}}