{"id":151,"date":"2025-03-19T13:16:57","date_gmt":"2025-03-19T13:16:57","guid":{"rendered":"https:\/\/annazsuzska.hu\/?page_id=151"},"modified":"2025-03-19T15:37:42","modified_gmt":"2025-03-19T15:37:42","slug":"galeria-a-vilag-korul","status":"publish","type":"page","link":"https:\/\/annazsuzska.hu\/en\/galeria-a-vilag-korul\/","title":{"rendered":"A vil\u00e1g k\u00f6r\u00fcl"},"content":{"rendered":"\n<div class=\"wp-block-stackable-spacer stk-block-spacer stk--no-padding stk-block stk-6025154\" data-block-id=\"6025154\"><\/div>\n\n\n<div  id=\"jtg-145\" class=\"modula modula-gallery modula-creative-gallery\" data-config=\"{&quot;height&quot;:800,&quot;tabletHeight&quot;:800,&quot;mobileHeight&quot;:800,&quot;desktopHeight&quot;:800,&quot;enableTwitter&quot;:false,&quot;enableWhatsapp&quot;:false,&quot;enableFacebook&quot;:false,&quot;enablePinterest&quot;:false,&quot;enableLinkedin&quot;:false,&quot;enableEmail&quot;:false,&quot;randomFactor&quot;:0.5,&quot;type&quot;:&quot;creative-gallery&quot;,&quot;columns&quot;:12,&quot;gutter&quot;:10,&quot;mobileGutter&quot;:10,&quot;tabletGutter&quot;:10,&quot;desktopGutter&quot;:10,&quot;enableResponsive&quot;:&quot;0&quot;,&quot;tabletColumns&quot;:2,&quot;mobileColumns&quot;:1,&quot;lazyLoad&quot;:0,&quot;lightboxOpts&quot;:{&quot;animated&quot;:true,&quot;Thumbs&quot;:{&quot;type&quot;:&quot;modern&quot;,&quot;showOnStart&quot;:false},&quot;Toolbar&quot;:{&quot;display&quot;:{&quot;right&quot;:[&quot;close&quot;]},&quot;enabled&quot;:true},&quot;Carousel&quot;:{&quot;Panzoom&quot;:{&quot;touch&quot;:true},&quot;infinite&quot;:false},&quot;keyboard&quot;:{&quot;Escape&quot;:&quot;close&quot;,&quot;Delete&quot;:&quot;close&quot;,&quot;Backspace&quot;:&quot;close&quot;,&quot;PageUp&quot;:false,&quot;PageDown&quot;:false,&quot;ArrowUp&quot;:false,&quot;ArrowDown&quot;:false,&quot;ArrowRight&quot;:false,&quot;ArrowLeft&quot;:false},&quot;touch&quot;:false,&quot;backdropClick&quot;:false,&quot;l10n&quot;:{&quot;CLOSE&quot;:&quot;Close&quot;,&quot;NEXT&quot;:&quot;Next&quot;,&quot;PREV&quot;:&quot;Previous&quot;,&quot;Error&quot;:&quot;The requested content cannot be loaded. Please try again later.&quot;,&quot;PLAY_START&quot;:&quot;Start slideshow&quot;,&quot;PLAY_STOP&quot;:&quot;Pause slideshow&quot;,&quot;FULL_SCREEN&quot;:&quot;Full screen&quot;,&quot;THUMBS&quot;:&quot;Thumbnails&quot;,&quot;DOWNLOAD&quot;:&quot;Let\\u00f6lt\\u00e9s&quot;,&quot;SHARE&quot;:&quot;Share&quot;,&quot;ZOOM&quot;:&quot;Zoom&quot;,&quot;EMAIL&quot;:&quot;Here is the link to the image : %%image_link%% and this is the link to the gallery : %%gallery_link%%&quot;,&quot;MODAL&quot;:&quot;You can close this modal content with the ESC key&quot;,&quot;ERROR&quot;:&quot;Something Went Wrong, Please Try Again Later&quot;,&quot;IMAGE_ERROR&quot;:&quot;Image Not Found&quot;,&quot;ELEMENT_NOT_FOUND&quot;:&quot;HTML Element Not Found&quot;,&quot;AJAX_NOT_FOUND&quot;:&quot;Error Loading AJAX : Not Found&quot;,&quot;AJAX_FORBIDDEN&quot;:&quot;Error Loading AJAX : Forbidden&quot;,&quot;IFRAME_ERROR&quot;:&quot;Error Loading Page&quot;,&quot;TOGGLE_ZOOM&quot;:&quot;Toggle zoom level&quot;,&quot;TOGGLE_THUMBS&quot;:&quot;Toggle thumbnails&quot;,&quot;TOGGLE_SLIDESHOW&quot;:&quot;Toggle slideshow&quot;,&quot;TOGGLE_FULLSCREEN&quot;:&quot;Toggle full-screen mode&quot;},&quot;Images&quot;:{&quot;Panzoom&quot;:{&quot;maxScale&quot;:2}},&quot;mainClass&quot;:&quot;modula-fancybox-container modula-lightbox-jtg-145&quot;,&quot;Html&quot;:{&quot;videoAutoplay&quot;:0,&quot;videoTpl&quot;:&quot;&lt;video class=\\&quot;fancybox__html5video\\&quot; controls muted playsinline controlsList controlsList=\\&quot;nodownload\\&quot; poster=\\&quot;{{poster}}\\&quot; src=\\&quot;{{src}}\\&quot; type=\\&quot;{{format}}\\&quot; &gt;  Sorry, your browser doesn&#039;t support embedded videos, &lt;a href=\\&quot;{{src}}\\&quot;&gt; download &lt;\\\/a&gt; and watch with your favorite video player! &lt;\\\/video&gt;&quot;}},&quot;inView&quot;:false,&quot;email_subject&quot;:&quot;Check out this awesome image !!&quot;,&quot;email_message&quot;:&quot;Here is the link to the image : %%image_link%% and this is the link to the gallery : %%gallery_link%%&quot;,&quot;lightbox&quot;:&quot;fancybox&quot;}\">\n\n\t\n\t<div  class=\"modula-items\">\n\t\t<div class=\"modula-item effect-pufrobo\" >\n\t<div class=\"modula-item-overlay\"><\/div>\n\n\t<div class=\"modula-item-content\">\n\n\t\t<a data-image-id=\"63\" role=\"button\" tabindex=\"0\" rel=\"jtg-145\" data-caption=\"AnnaZsuzska\" aria-label=\"Open image in lightbox\" class=\"tile-inner modula-item-link\"><\/a><img loading=\"lazy\" decoding=\"async\" class=\"pic wp-image-63\"  data-valign=\"middle\" data-halign=\"center\" alt=\"AnnaZsuzska\" data-full=\"https:\/\/annazsuzska.hu\/wp-content\/uploads\/2025\/02\/20250216_165147.jpg\" title=\"AnnaZsuzska\" crop=\"\" width=\"292\" height=\"300\" src=\"https:\/\/annazsuzska.hu\/wp-content\/uploads\/2025\/02\/20250216_165147-292x300.jpg\" data-src=\"https:\/\/annazsuzska.hu\/wp-content\/uploads\/2025\/02\/20250216_165147-292x300.jpg\" data-caption=\"AnnaZsuzska\" srcset=\"https:\/\/annazsuzska.hu\/wp-content\/uploads\/2025\/02\/20250216_165147.jpg 1041w, https:\/\/annazsuzska.hu\/wp-content\/uploads\/2025\/02\/20250216_165147-600x617.jpg 600w, https:\/\/annazsuzska.hu\/wp-content\/uploads\/2025\/02\/20250216_165147-292x300.jpg 292w, https:\/\/annazsuzska.hu\/wp-content\/uploads\/2025\/02\/20250216_165147-996x1024.jpg 996w, https:\/\/annazsuzska.hu\/wp-content\/uploads\/2025\/02\/20250216_165147-768x789.jpg 768w\" sizes=\"auto, (max-width: 292px) 100vw, 292px\" \/>\n\t\t<div class=\"figc\">\n\t\t\t<div class=\"figc-inner\">\n\t\t\t\t\t\t\t\t\t\t\t\t\t<div class=\"jtg-description\">AnnaZsuzska<\/div>\n\t\t\t\t\t\t\t\t\t\t\t<\/div>\n\t\t<\/div>\n\n\t<\/div>\n\n<\/div><div class=\"modula-item effect-pufrobo\" >\n\t<div class=\"modula-item-overlay\"><\/div>\n\n\t<div class=\"modula-item-content\">\n\n\t\t<a data-image-id=\"70\" role=\"button\" tabindex=\"0\" rel=\"jtg-145\" data-caption=\"AnnaZsuzska\" aria-label=\"Open image in lightbox\" class=\"tile-inner modula-item-link\"><\/a><img loading=\"lazy\" decoding=\"async\" class=\"pic wp-image-70\"  data-valign=\"middle\" data-halign=\"center\" alt=\"AnnaZsuzska\" data-full=\"https:\/\/annazsuzska.hu\/wp-content\/uploads\/2025\/02\/20250216_174159.jpg\" title=\"AnnaZsuzska\" crop=\"\" width=\"222\" height=\"300\" src=\"https:\/\/annazsuzska.hu\/wp-content\/uploads\/2025\/02\/20250216_174159-222x300.jpg\" data-src=\"https:\/\/annazsuzska.hu\/wp-content\/uploads\/2025\/02\/20250216_174159-222x300.jpg\" data-caption=\"AnnaZsuzska\" srcset=\"https:\/\/annazsuzska.hu\/wp-content\/uploads\/2025\/02\/20250216_174159.jpg 885w, https:\/\/annazsuzska.hu\/wp-content\/uploads\/2025\/02\/20250216_174159-600x811.jpg 600w, https:\/\/annazsuzska.hu\/wp-content\/uploads\/2025\/02\/20250216_174159-222x300.jpg 222w, https:\/\/annazsuzska.hu\/wp-content\/uploads\/2025\/02\/20250216_174159-758x1024.jpg 758w, https:\/\/annazsuzska.hu\/wp-content\/uploads\/2025\/02\/20250216_174159-768x1038.jpg 768w\" sizes=\"auto, (max-width: 222px) 100vw, 222px\" \/>\n\t\t<div class=\"figc\">\n\t\t\t<div class=\"figc-inner\">\n\t\t\t\t\t\t\t\t\t\t\t\t\t<div class=\"jtg-description\">AnnaZsuzska<\/div>\n\t\t\t\t\t\t\t\t\t\t\t<\/div>\n\t\t<\/div>\n\n\t<\/div>\n\n<\/div><div class=\"modula-item effect-pufrobo\" >\n\t<div class=\"modula-item-overlay\"><\/div>\n\n\t<div class=\"modula-item-content\">\n\n\t\t<a data-image-id=\"54\" role=\"button\" tabindex=\"0\" rel=\"jtg-145\" data-caption=\"AnnaZsuzska London\" aria-label=\"Open image in lightbox\" class=\"tile-inner modula-item-link\"><\/a><img loading=\"lazy\" decoding=\"async\" class=\"pic wp-image-54\"  data-valign=\"middle\" data-halign=\"center\" alt=\"AnnaZsuzska London\" data-full=\"https:\/\/annazsuzska.hu\/wp-content\/uploads\/2025\/02\/20250216_171231-scaled.jpg\" title=\"AnnaZsuzska London\" crop=\"\" width=\"300\" height=\"176\" src=\"https:\/\/annazsuzska.hu\/wp-content\/uploads\/2025\/02\/20250216_171231-300x176.jpg\" data-src=\"https:\/\/annazsuzska.hu\/wp-content\/uploads\/2025\/02\/20250216_171231-300x176.jpg\" data-caption=\"AnnaZsuzska London\" srcset=\"https:\/\/annazsuzska.hu\/wp-content\/uploads\/2025\/02\/20250216_171231-scaled.jpg 2560w, https:\/\/annazsuzska.hu\/wp-content\/uploads\/2025\/02\/20250216_171231-scaled-600x352.jpg 600w, https:\/\/annazsuzska.hu\/wp-content\/uploads\/2025\/02\/20250216_171231-300x176.jpg 300w, https:\/\/annazsuzska.hu\/wp-content\/uploads\/2025\/02\/20250216_171231-1024x600.jpg 1024w, https:\/\/annazsuzska.hu\/wp-content\/uploads\/2025\/02\/20250216_171231-768x450.jpg 768w, https:\/\/annazsuzska.hu\/wp-content\/uploads\/2025\/02\/20250216_171231-1536x901.jpg 1536w, https:\/\/annazsuzska.hu\/wp-content\/uploads\/2025\/02\/20250216_171231-2048x1201.jpg 2048w\" sizes=\"auto, (max-width: 300px) 100vw, 300px\" \/>\n\t\t<div class=\"figc\">\n\t\t\t<div class=\"figc-inner\">\n\t\t\t\t\t\t\t\t\t\t\t\t\t<div class=\"jtg-description\">AnnaZsuzska London<\/div>\n\t\t\t\t\t\t\t\t\t\t\t<\/div>\n\t\t<\/div>\n\n\t<\/div>\n\n<\/div><div class=\"modula-item effect-pufrobo\" >\n\t<div class=\"modula-item-overlay\"><\/div>\n\n\t<div class=\"modula-item-content\">\n\n\t\t<a data-image-id=\"56\" role=\"button\" tabindex=\"0\" rel=\"jtg-145\" data-caption=\"AnnaZsuzska\" aria-label=\"Open image in lightbox\" class=\"tile-inner modula-item-link\"><\/a><img loading=\"lazy\" decoding=\"async\" class=\"pic wp-image-56\"  data-valign=\"middle\" data-halign=\"center\" alt=\"AnnaZsuzska\" data-full=\"https:\/\/annazsuzska.hu\/wp-content\/uploads\/2025\/02\/20250216_163703.jpg\" title=\"AnnaZsuzska\" crop=\"\" width=\"192\" height=\"300\" src=\"https:\/\/annazsuzska.hu\/wp-content\/uploads\/2025\/02\/20250216_163703-192x300.jpg\" data-src=\"https:\/\/annazsuzska.hu\/wp-content\/uploads\/2025\/02\/20250216_163703-192x300.jpg\" data-caption=\"AnnaZsuzska\" srcset=\"https:\/\/annazsuzska.hu\/wp-content\/uploads\/2025\/02\/20250216_163703.jpg 1022w, https:\/\/annazsuzska.hu\/wp-content\/uploads\/2025\/02\/20250216_163703-600x939.jpg 600w, https:\/\/annazsuzska.hu\/wp-content\/uploads\/2025\/02\/20250216_163703-192x300.jpg 192w, https:\/\/annazsuzska.hu\/wp-content\/uploads\/2025\/02\/20250216_163703-654x1024.jpg 654w, https:\/\/annazsuzska.hu\/wp-content\/uploads\/2025\/02\/20250216_163703-768x1202.jpg 768w, https:\/\/annazsuzska.hu\/wp-content\/uploads\/2025\/02\/20250216_163703-982x1536.jpg 982w\" sizes=\"auto, (max-width: 192px) 100vw, 192px\" \/>\n\t\t<div class=\"figc\">\n\t\t\t<div class=\"figc-inner\">\n\t\t\t\t\t\t\t\t\t\t\t\t\t<div class=\"jtg-description\">AnnaZsuzska<\/div>\n\t\t\t\t\t\t\t\t\t\t\t<\/div>\n\t\t<\/div>\n\n\t<\/div>\n\n<\/div><div class=\"modula-item effect-pufrobo\" >\n\t<div class=\"modula-item-overlay\"><\/div>\n\n\t<div class=\"modula-item-content\">\n\n\t\t<a data-image-id=\"52\" role=\"button\" tabindex=\"0\" rel=\"jtg-145\" data-caption=\"AnnaZsuzska\" aria-label=\"Open image in lightbox\" class=\"tile-inner modula-item-link\"><\/a><img loading=\"lazy\" decoding=\"async\" class=\"pic wp-image-52\"  data-valign=\"middle\" data-halign=\"center\" alt=\"Plein air fest\u00e9szet P\u00e1rizs\" data-full=\"https:\/\/annazsuzska.hu\/wp-content\/uploads\/2025\/02\/Screenshot_20250216_162307_Photos-scaled.jpg\" title=\"AnnaZsuzska\" crop=\"\" width=\"300\" height=\"203\" src=\"https:\/\/annazsuzska.hu\/wp-content\/uploads\/2025\/02\/Screenshot_20250216_162307_Photos-300x203.jpg\" data-src=\"https:\/\/annazsuzska.hu\/wp-content\/uploads\/2025\/02\/Screenshot_20250216_162307_Photos-300x203.jpg\" data-caption=\"AnnaZsuzska\" srcset=\"https:\/\/annazsuzska.hu\/wp-content\/uploads\/2025\/02\/Screenshot_20250216_162307_Photos-scaled.jpg 2560w, https:\/\/annazsuzska.hu\/wp-content\/uploads\/2025\/02\/Screenshot_20250216_162307_Photos-scaled-600x405.jpg 600w, https:\/\/annazsuzska.hu\/wp-content\/uploads\/2025\/02\/Screenshot_20250216_162307_Photos-300x203.jpg 300w, https:\/\/annazsuzska.hu\/wp-content\/uploads\/2025\/02\/Screenshot_20250216_162307_Photos-1024x692.jpg 1024w, https:\/\/annazsuzska.hu\/wp-content\/uploads\/2025\/02\/Screenshot_20250216_162307_Photos-768x519.jpg 768w, https:\/\/annazsuzska.hu\/wp-content\/uploads\/2025\/02\/Screenshot_20250216_162307_Photos-1536x1037.jpg 1536w, https:\/\/annazsuzska.hu\/wp-content\/uploads\/2025\/02\/Screenshot_20250216_162307_Photos-2048x1383.jpg 2048w\" sizes=\"auto, (max-width: 300px) 100vw, 300px\" \/>\n\t\t<div class=\"figc\">\n\t\t\t<div class=\"figc-inner\">\n\t\t\t\t\t\t\t\t\t\t\t\t\t<div class=\"jtg-description\">AnnaZsuzska<\/div>\n\t\t\t\t\t\t\t\t\t\t\t<\/div>\n\t\t<\/div>\n\n\t<\/div>\n\n<\/div><div class=\"modula-item effect-pufrobo\" >\n\t<div class=\"modula-item-overlay\"><\/div>\n\n\t<div class=\"modula-item-content\">\n\n\t\t<a data-image-id=\"62\" role=\"button\" tabindex=\"0\" rel=\"jtg-145\" data-caption=\"AnnaZsuzska\" aria-label=\"Open image in lightbox\" class=\"tile-inner modula-item-link\"><\/a><img loading=\"lazy\" decoding=\"async\" class=\"pic wp-image-62\"  data-valign=\"middle\" data-halign=\"center\" alt=\"AnnaZsuzska\" data-full=\"https:\/\/annazsuzska.hu\/wp-content\/uploads\/2025\/02\/20250216_182139.jpg\" title=\"AnnaZsuzska\" crop=\"\" width=\"225\" height=\"300\" src=\"https:\/\/annazsuzska.hu\/wp-content\/uploads\/2025\/02\/20250216_182139-225x300.jpg\" data-src=\"https:\/\/annazsuzska.hu\/wp-content\/uploads\/2025\/02\/20250216_182139-225x300.jpg\" data-caption=\"AnnaZsuzska\" srcset=\"https:\/\/annazsuzska.hu\/wp-content\/uploads\/2025\/02\/20250216_182139.jpg 1070w, https:\/\/annazsuzska.hu\/wp-content\/uploads\/2025\/02\/20250216_182139-600x800.jpg 600w, https:\/\/annazsuzska.hu\/wp-content\/uploads\/2025\/02\/20250216_182139-225x300.jpg 225w, https:\/\/annazsuzska.hu\/wp-content\/uploads\/2025\/02\/20250216_182139-768x1024.jpg 768w\" sizes=\"auto, (max-width: 225px) 100vw, 225px\" \/>\n\t\t<div class=\"figc\">\n\t\t\t<div class=\"figc-inner\">\n\t\t\t\t\t\t\t\t\t\t\t\t\t<div class=\"jtg-description\">AnnaZsuzska<\/div>\n\t\t\t\t\t\t\t\t\t\t\t<\/div>\n\t\t<\/div>\n\n\t<\/div>\n\n<\/div><div class=\"modula-item effect-pufrobo\" >\n\t<div class=\"modula-item-overlay\"><\/div>\n\n\t<div class=\"modula-item-content\">\n\n\t\t<a data-image-id=\"29\" role=\"button\" tabindex=\"0\" rel=\"jtg-145\" data-caption=\"AnnaZsuzska\" aria-label=\"Open image in lightbox\" class=\"tile-inner modula-item-link\"><\/a><img loading=\"lazy\" decoding=\"async\" class=\"pic wp-image-29\"  data-valign=\"middle\" data-halign=\"center\" alt=\"AnnaZsuzska\" data-full=\"https:\/\/annazsuzska.hu\/wp-content\/uploads\/2025\/02\/20250214_080936.jpg\" title=\"AnnaZsuzska\" crop=\"\" width=\"196\" height=\"300\" src=\"https:\/\/annazsuzska.hu\/wp-content\/uploads\/2025\/02\/20250214_080936-196x300.jpg\" data-src=\"https:\/\/annazsuzska.hu\/wp-content\/uploads\/2025\/02\/20250214_080936-196x300.jpg\" data-caption=\"AnnaZsuzska\" srcset=\"https:\/\/annazsuzska.hu\/wp-content\/uploads\/2025\/02\/20250214_080936.jpg 1295w, https:\/\/annazsuzska.hu\/wp-content\/uploads\/2025\/02\/20250214_080936-600x921.jpg 600w, https:\/\/annazsuzska.hu\/wp-content\/uploads\/2025\/02\/20250214_080936-196x300.jpg 196w, https:\/\/annazsuzska.hu\/wp-content\/uploads\/2025\/02\/20250214_080936-667x1024.jpg 667w, https:\/\/annazsuzska.hu\/wp-content\/uploads\/2025\/02\/20250214_080936-768x1178.jpg 768w, https:\/\/annazsuzska.hu\/wp-content\/uploads\/2025\/02\/20250214_080936-1001x1536.jpg 1001w\" sizes=\"auto, (max-width: 196px) 100vw, 196px\" \/>\n\t\t<div class=\"figc\">\n\t\t\t<div class=\"figc-inner\">\n\t\t\t\t\t\t\t\t\t\t\t\t\t<div class=\"jtg-description\">AnnaZsuzska<\/div>\n\t\t\t\t\t\t\t\t\t\t\t<\/div>\n\t\t<\/div>\n\n\t<\/div>\n\n<\/div><div class=\"modula-item effect-pufrobo\" >\n\t<div class=\"modula-item-overlay\"><\/div>\n\n\t<div class=\"modula-item-content\">\n\n\t\t<a data-image-id=\"76\" role=\"button\" tabindex=\"0\" rel=\"jtg-145\" data-caption=\"AnnaZsuzska\" aria-label=\"Open image in lightbox\" class=\"tile-inner modula-item-link\"><\/a><img loading=\"lazy\" decoding=\"async\" class=\"pic wp-image-76\"  data-valign=\"middle\" data-halign=\"center\" alt=\"AnnaZsuzska\" data-full=\"https:\/\/annazsuzska.hu\/wp-content\/uploads\/2025\/02\/20250216_174850.jpg\" title=\"AnnaZsuzska\" crop=\"\" width=\"191\" height=\"300\" src=\"https:\/\/annazsuzska.hu\/wp-content\/uploads\/2025\/02\/20250216_174850-191x300.jpg\" data-src=\"https:\/\/annazsuzska.hu\/wp-content\/uploads\/2025\/02\/20250216_174850-191x300.jpg\" data-caption=\"AnnaZsuzska\" srcset=\"https:\/\/annazsuzska.hu\/wp-content\/uploads\/2025\/02\/20250216_174850.jpg 1080w, https:\/\/annazsuzska.hu\/wp-content\/uploads\/2025\/02\/20250216_174850-600x941.jpg 600w, https:\/\/annazsuzska.hu\/wp-content\/uploads\/2025\/02\/20250216_174850-191x300.jpg 191w, https:\/\/annazsuzska.hu\/wp-content\/uploads\/2025\/02\/20250216_174850-653x1024.jpg 653w, https:\/\/annazsuzska.hu\/wp-content\/uploads\/2025\/02\/20250216_174850-768x1205.jpg 768w, https:\/\/annazsuzska.hu\/wp-content\/uploads\/2025\/02\/20250216_174850-979x1536.jpg 979w\" sizes=\"auto, (max-width: 191px) 100vw, 191px\" \/>\n\t\t<div class=\"figc\">\n\t\t\t<div class=\"figc-inner\">\n\t\t\t\t\t\t\t\t\t\t\t\t\t<div class=\"jtg-description\">AnnaZsuzska<\/div>\n\t\t\t\t\t\t\t\t\t\t\t<\/div>\n\t\t<\/div>\n\n\t<\/div>\n\n<\/div><div class=\"modula-item effect-pufrobo\" >\n\t<div class=\"modula-item-overlay\"><\/div>\n\n\t<div class=\"modula-item-content\">\n\n\t\t<a data-image-id=\"44\" role=\"button\" tabindex=\"0\" rel=\"jtg-145\" data-caption=\"AnnaZsuzska\" aria-label=\"Open image in lightbox\" class=\"tile-inner modula-item-link\"><\/a><img loading=\"lazy\" decoding=\"async\" class=\"pic wp-image-44\"  data-valign=\"middle\" data-halign=\"center\" alt=\"AnnaZsuzska\" data-full=\"https:\/\/annazsuzska.hu\/wp-content\/uploads\/2025\/02\/Screenshot_20241201_125245_Gallery-scaled.jpg\" title=\"AnnaZsuzska\" crop=\"\" width=\"300\" height=\"197\" src=\"https:\/\/annazsuzska.hu\/wp-content\/uploads\/2025\/02\/Screenshot_20241201_125245_Gallery-300x197.jpg\" data-src=\"https:\/\/annazsuzska.hu\/wp-content\/uploads\/2025\/02\/Screenshot_20241201_125245_Gallery-300x197.jpg\" data-caption=\"AnnaZsuzska\" srcset=\"https:\/\/annazsuzska.hu\/wp-content\/uploads\/2025\/02\/Screenshot_20241201_125245_Gallery-scaled.jpg 2560w, https:\/\/annazsuzska.hu\/wp-content\/uploads\/2025\/02\/Screenshot_20241201_125245_Gallery-scaled-600x395.jpg 600w, https:\/\/annazsuzska.hu\/wp-content\/uploads\/2025\/02\/Screenshot_20241201_125245_Gallery-300x197.jpg 300w, https:\/\/annazsuzska.hu\/wp-content\/uploads\/2025\/02\/Screenshot_20241201_125245_Gallery-1024x674.jpg 1024w, https:\/\/annazsuzska.hu\/wp-content\/uploads\/2025\/02\/Screenshot_20241201_125245_Gallery-768x505.jpg 768w, https:\/\/annazsuzska.hu\/wp-content\/uploads\/2025\/02\/Screenshot_20241201_125245_Gallery-1536x1011.jpg 1536w, https:\/\/annazsuzska.hu\/wp-content\/uploads\/2025\/02\/Screenshot_20241201_125245_Gallery-2048x1348.jpg 2048w\" sizes=\"auto, (max-width: 300px) 100vw, 300px\" \/>\n\t\t<div class=\"figc\">\n\t\t\t<div class=\"figc-inner\">\n\t\t\t\t\t\t\t\t\t\t\t\t\t<div class=\"jtg-description\">AnnaZsuzska<\/div>\n\t\t\t\t\t\t\t\t\t\t\t<\/div>\n\t\t<\/div>\n\n\t<\/div>\n\n<\/div>\t\t\n\t<\/div>\n\n\t\n\t\n\t<script type=\"application\/ld+json\">\n\t{\n\t\t\"@context\": \"http:\/\/schema.org\",\n\t\t\"@type\"   : \"ImageGallery\",\n\t\t\"id\"      : \"https:\/\/annazsuzska.hu\/en\/galeria-a-vilag-korul\/\",\n\t\t\"url\"     : \"https:\/\/annazsuzska.hu\/en\/galeria-a-vilag-korul\/\"\n\t}\n\n\t<\/script>\n\n\t\n<\/div>\n\n","protected":false},"excerpt":{"rendered":"","protected":false},"author":1,"featured_media":54,"parent":0,"menu_order":0,"comment_status":"closed","ping_status":"closed","template":"","meta":{"footnotes":""},"class_list":["post-151","page","type-page","status-publish","has-post-thumbnail","hentry"],"blocksy_meta":[],"_links":{"self":[{"href":"https:\/\/annazsuzska.hu\/en\/wp-json\/wp\/v2\/pages\/151","targetHints":{"allow":["GET"]}}],"collection":[{"href":"https:\/\/annazsuzska.hu\/en\/wp-json\/wp\/v2\/pages"}],"about":[{"href":"https:\/\/annazsuzska.hu\/en\/wp-json\/wp\/v2\/types\/page"}],"author":[{"embeddable":true,"href":"https:\/\/annazsuzska.hu\/en\/wp-json\/wp\/v2\/users\/1"}],"replies":[{"embeddable":true,"href":"https:\/\/annazsuzska.hu\/en\/wp-json\/wp\/v2\/comments?post=151"}],"version-history":[{"count":3,"href":"https:\/\/annazsuzska.hu\/en\/wp-json\/wp\/v2\/pages\/151\/revisions"}],"predecessor-version":[{"id":200,"href":"https:\/\/annazsuzska.hu\/en\/wp-json\/wp\/v2\/pages\/151\/revisions\/200"}],"wp:featuredmedia":[{"embeddable":true,"href":"https:\/\/annazsuzska.hu\/en\/wp-json\/wp\/v2\/media\/54"}],"wp:attachment":[{"href":"https:\/\/annazsuzska.hu\/en\/wp-json\/wp\/v2\/media?parent=151"}],"curies":[{"name":"wp","href":"https:\/\/api.w.org\/{rel}","templated":true}]}}